{"id":6,"date":"2013-11-19T02:31:54","date_gmt":"2013-11-19T07:31:54","guid":{"rendered":"http:\/\/desarrollo.mcvicious.com\/homework\/?page_id=6"},"modified":"2025-04-23T17:37:18","modified_gmt":"2025-04-23T22:37:18","slug":"como-nos-organizamos","status":"publish","type":"page","link":"https:\/\/tarea.org.pe\/old\/como-nos-organizamos\/","title":{"rendered":"C\u00f3mo nos organizamos"},"content":{"rendered":"<h2><b>Asamblea de Asociados<\/b><\/h2>\n<ul>\n<li>\u00c1lvarez Quispe, M\u00f3nica Ysella<\/li>\n<li>Balta Rodr\u00edguez, Rosa Zulema<\/li>\n<li>Carbajo Ruiz, Jos\u00e9 Luis<\/li>\n<li>C\u00e9peda Garc\u00eda, Nora del Socorro<\/li>\n<li>C\u00e9spedes Rossel, N\u00e9lida Elcira<\/li>\n<li>Ch\u00e1vez Ayala, Jorge<\/li>\n<li>Del Valle Ramos, Julio C\u00e9sar<\/li>\n<li>Espino Reluc\u00e9, Rufino Gonzalo<\/li>\n<li>Gallardo G\u00f3mez, Carlos Alfonso<\/li>\n<li>G\u00e1lvez Alarc\u00f3n, C\u00e9sar<\/li>\n<li>Gonzalez Astete, Estela<\/li>\n<li>Gr\u00e1ndez Moreno, Jos\u00e9 Carlos<\/li>\n<li>Guzm\u00e1n Sota, Ingrid Rosemary<\/li>\n<li>Helfer Palacios, Gloria Gilda<\/li>\n<li>Hidalgo Collazos, Liliam Teresa<\/li>\n<li>Igui\u00f1iz Echeverr\u00eda, Manuel<\/li>\n<li>Palacios Vallejo, Mar\u00eda Amelia<\/li>\n<li>Pasco Valladares, Libia Consuelo<\/li>\n<li>Pinto Cueto, Luisa Renet<\/li>\n<li>Rojas Vargas, Ana Violeta<\/li>\n<li>Santisteban Matto, Huber<\/li>\n<li>Sotomayor Candia, Ernestina<\/li>\n<\/ul>\n<h2><b>Consejo Directivo<\/b><\/h2>\n<ul>\n<li>Presidenta: Hidalgo Collazos, Liliam Teresa<\/li>\n<li>Vicepresidente: Carbajo Ruiz, Jos\u00e9 Luis<\/li>\n<li>Vocal: Palacios Vallejo, Mar\u00eda Amelia<\/li>\n<\/ul>\n<h2><b>Direcci\u00f3n Ejecutiva<\/b><\/h2>\n<ul>\n<li>Del Valle Ramos, Julio C\u00e9sar<\/li>\n<\/ul>\n<p><a href=\"https:\/\/www.tarea.org.pe\/modulos\/pdf\/TAREA_Organigrama-2024.pdf\">Organigrama<\/a><\/p>\n","protected":false},"excerpt":{"rendered":"<p>Asamblea de Asociados \u00c1lvarez Quispe, M\u00f3nica Ysella Balta Rodr\u00edguez, Rosa Zulema Carbajo Ruiz, Jos\u00e9 Luis C\u00e9peda Garc\u00eda, Nora del Socorro C\u00e9spedes Rossel, N\u00e9lida Elcira Ch\u00e1vez Ayala, Jorge Del Valle Ramos, Julio C\u00e9sar Espino Reluc\u00e9, Rufino Gonzalo Gallardo G\u00f3mez, Carlos Alfonso G\u00e1lvez Alarc\u00f3n, C\u00e9sar Gonzalez Astete, Estela Gr\u00e1ndez Moreno, Jos\u00e9 Carlos Guzm\u00e1n Sota, Ingrid Rosemary Helfer [&hellip;]<\/p>\n","protected":false},"author":2,"featured_media":0,"parent":0,"menu_order":0,"comment_status":"open","ping_status":"closed","template":"","meta":{"footnotes":""},"_links":{"self":[{"href":"https:\/\/tarea.org.pe\/old\/wp-json\/wp\/v2\/pages\/6"}],"collection":[{"href":"https:\/\/tarea.org.pe\/old\/wp-json\/wp\/v2\/pages"}],"about":[{"href":"https:\/\/tarea.org.pe\/old\/wp-json\/wp\/v2\/types\/page"}],"author":[{"embeddable":true,"href":"https:\/\/tarea.org.pe\/old\/wp-json\/wp\/v2\/users\/2"}],"replies":[{"embeddable":true,"href":"https:\/\/tarea.org.pe\/old\/wp-json\/wp\/v2\/comments?post=6"}],"version-history":[{"count":30,"href":"https:\/\/tarea.org.pe\/old\/wp-json\/wp\/v2\/pages\/6\/revisions"}],"predecessor-version":[{"id":11212,"href":"https:\/\/tarea.org.pe\/old\/wp-json\/wp\/v2\/pages\/6\/revisions\/11212"}],"wp:attachment":[{"href":"https:\/\/tarea.org.pe\/old\/wp-json\/wp\/v2\/media?parent=6"}],"curies":[{"name":"wp","href":"https:\/\/api.w.org\/{rel}","templated":true}]}}