{"id":1389,"date":"2014-05-16T03:17:21","date_gmt":"2014-05-16T08:17:21","guid":{"rendered":"http:\/\/desarrollo.mcvicious.com\/homework\/?page_id=1389"},"modified":"2016-02-17T17:41:20","modified_gmt":"2016-02-17T22:41:20","slug":"enlaces-de-interes","status":"publish","type":"page","link":"https:\/\/tarea.org.pe\/old\/enlaces-de-interes\/","title":{"rendered":"Enlaces de interes"},"content":{"rendered":"<p><a href=\"http:\/\/www.minedu.gob.pe\/\" target=\"_blank\">Ministerio de Educaci\u00f3n<\/a><\/p>\n<p><a href=\"http:\/\/www.cne.gob.pe\/\" target=\"_blank\">Consejo Nacional de Educaci\u00f3N (CNE)<\/a><\/p>\n<p><a href=\"http:\/\/foroeducativo.com\/\" target=\"_blank\">Foro Educativo<\/a><\/p>\n<p><a href=\"http:\/\/www.rutadelsolperu.org\/\" target=\"_blank\">Ruta del Sol<\/a><\/p>\n<p><a href=\"http:\/\/www.ipeba.gob.pe\/\" target=\"_blank\">Instituto Peruano de Evaluaci\u00f3n, Acreditaci\u00f3n y Certificaci\u00f3n de la Calidad de la Educaci\u00f3n B\u00e1sica (IPEBA)<\/a><\/p>\n<p><a href=\"http:\/\/www.sutep.org.pe\/\" target=\"_blank\">Sindicato Unitario de Trabajadores en la Educaci\u00f3n del Per\u00fa (SUTEP)<\/a><\/p>\n<p><a href=\"http:\/\/www.derrama.org.pe\/principal\" target=\"_blank\">Derrama Magisterial<\/a><\/p>\n<p><a href=\"http:\/\/www.ceaal.org\/v2\/index.php\" target=\"_blank\">Consejo de Educaci\u00f3n Popular de Am\u00e9rica Latina y el Caribe (CEAAL)<\/a><\/p>\n","protected":false},"excerpt":{"rendered":"<p>Ministerio de Educaci\u00f3n Consejo Nacional de Educaci\u00f3N (CNE) Foro Educativo Ruta del Sol Instituto Peruano de Evaluaci\u00f3n, Acreditaci\u00f3n y Certificaci\u00f3n de la Calidad de la Educaci\u00f3n B\u00e1sica (IPEBA) Sindicato Unitario de Trabajadores en la Educaci\u00f3n del Per\u00fa (SUTEP) Derrama Magisterial Consejo de Educaci\u00f3n Popular de Am\u00e9rica Latina y el Caribe (CEAAL)<\/p>\n","protected":false},"author":2,"featured_media":0,"parent":0,"menu_order":0,"comment_status":"open","ping_status":"closed","template":"","meta":{"footnotes":""},"_links":{"self":[{"href":"https:\/\/tarea.org.pe\/old\/wp-json\/wp\/v2\/pages\/1389"}],"collection":[{"href":"https:\/\/tarea.org.pe\/old\/wp-json\/wp\/v2\/pages"}],"about":[{"href":"https:\/\/tarea.org.pe\/old\/wp-json\/wp\/v2\/types\/page"}],"author":[{"embeddable":true,"href":"https:\/\/tarea.org.pe\/old\/wp-json\/wp\/v2\/users\/2"}],"replies":[{"embeddable":true,"href":"https:\/\/tarea.org.pe\/old\/wp-json\/wp\/v2\/comments?post=1389"}],"version-history":[{"count":12,"href":"https:\/\/tarea.org.pe\/old\/wp-json\/wp\/v2\/pages\/1389\/revisions"}],"predecessor-version":[{"id":7197,"href":"https:\/\/tarea.org.pe\/old\/wp-json\/wp\/v2\/pages\/1389\/revisions\/7197"}],"wp:attachment":[{"href":"https:\/\/tarea.org.pe\/old\/wp-json\/wp\/v2\/media?parent=1389"}],"curies":[{"name":"wp","href":"https:\/\/api.w.org\/{rel}","templated":true}]}}