{"id":39,"date":"2024-10-12T16:11:13","date_gmt":"2024-10-12T16:11:13","guid":{"rendered":"https:\/\/tarea.plhradio.com\/?page_id=39"},"modified":"2026-04-14T18:43:12","modified_gmt":"2026-04-14T18:43:12","slug":"organizacion","status":"publish","type":"page","link":"https:\/\/tarea.org.pe\/index.php\/organizacion\/","title":{"rendered":"Organizacion"},"content":{"rendered":"\t\t<div data-elementor-type=\"wp-page\" data-elementor-id=\"39\" class=\"elementor elementor-39\" data-elementor-post-type=\"page\">\n\t\t\t\t<div class=\"elementor-element elementor-element-dd99269 e-con-full e-flex e-con e-parent\" data-id=\"dd99269\" data-element_type=\"container\" data-settings=\"{&quot;background_background&quot;:&quot;classic&quot;,&quot;shape_divider_bottom&quot;:&quot;mountains&quot;,&quot;jet_parallax_layout_list&quot;:[]}\">\n\t\t\t\t<div class=\"elementor-shape elementor-shape-bottom\" aria-hidden=\"true\" data-negative=\"false\">\n\t\t\t<svg xmlns=\"http:\/\/www.w3.org\/2000\/svg\" viewBox=\"0 0 1000 100\" preserveAspectRatio=\"none\">\n\t<path class=\"elementor-shape-fill\" opacity=\"0.33\" d=\"M473,67.3c-203.9,88.3-263.1-34-320.3,0C66,119.1,0,59.7,0,59.7V0h1000v59.7 c0,0-62.1,26.1-94.9,29.3c-32.8,3.3-62.8-12.3-75.8-22.1C806,49.6,745.3,8.7,694.9,4.7S492.4,59,473,67.3z\"\/>\n\t<path class=\"elementor-shape-fill\" opacity=\"0.66\" d=\"M734,67.3c-45.5,0-77.2-23.2-129.1-39.1c-28.6-8.7-150.3-10.1-254,39.1 s-91.7-34.4-149.2,0C115.7,118.3,0,39.8,0,39.8V0h1000v36.5c0,0-28.2-18.5-92.1-18.5C810.2,18.1,775.7,67.3,734,67.3z\"\/>\n\t<path class=\"elementor-shape-fill\" d=\"M766.1,28.9c-200-57.5-266,65.5-395.1,19.5C242,1.8,242,5.4,184.8,20.6C128,35.8,132.3,44.9,89.9,52.5C28.6,63.7,0,0,0,0 h1000c0,0-9.9,40.9-83.6,48.1S829.6,47,766.1,28.9z\"\/>\n<\/svg>\t\t<\/div>\n\t\t<div class=\"elementor-element elementor-element-bc6f1d4 e-con-full animated-slow e-flex elementor-invisible e-con e-child\" data-id=\"bc6f1d4\" data-element_type=\"container\" data-settings=\"{&quot;animation&quot;:&quot;slideInLeft&quot;,&quot;background_background&quot;:&quot;classic&quot;,&quot;jet_parallax_layout_list&quot;:[]}\">\n\t\t\t\t<\/div>\n\t\t\t\t<\/div>\n\t\t<div class=\"elementor-element elementor-element-1dac729 e-flex e-con-boxed e-con e-parent\" data-id=\"1dac729\" data-element_type=\"container\" data-settings=\"{&quot;background_background&quot;:&quot;classic&quot;,&quot;jet_parallax_layout_list&quot;:[]}\">\n\t\t\t\t\t<div class=\"e-con-inner\">\n\t\t<div class=\"elementor-element elementor-element-cfdd7e2 e-con-full e-flex e-con e-child\" data-id=\"cfdd7e2\" data-element_type=\"container\" data-settings=\"{&quot;jet_parallax_layout_list&quot;:[]}\">\n\t\t\t\t<div class=\"elementor-element elementor-element-bde2c3b elementor-widget elementor-widget-image\" data-id=\"bde2c3b\" data-element_type=\"widget\" data-widget_type=\"image.default\">\n\t\t\t\t<div class=\"elementor-widget-container\">\n\t\t\t\t\t\t\t\t\t\t\t\t\t\t\t<img fetchpriority=\"high\" decoding=\"async\" width=\"800\" height=\"679\" src=\"https:\/\/tarea.org.pe\/wp-content\/uploads\/2024\/11\/ong-1024x869.png\" class=\"attachment-large size-large wp-image-1887\" alt=\"\" srcset=\"https:\/\/tarea.org.pe\/wp-content\/uploads\/2024\/11\/ong-1024x869.png 1024w, https:\/\/tarea.org.pe\/wp-content\/uploads\/2024\/11\/ong-300x254.png 300w, https:\/\/tarea.org.pe\/wp-content\/uploads\/2024\/11\/ong-768x651.png 768w, https:\/\/tarea.org.pe\/wp-content\/uploads\/2024\/11\/ong.png 1324w\" sizes=\"(max-width: 800px) 100vw, 800px\" \/>\t\t\t\t\t\t\t\t\t\t\t\t\t\t\t<\/div>\n\t\t\t\t<\/div>\n\t\t\t\t<div class=\"elementor-element elementor-element-aca59d0 elementor-widget elementor-widget-heading\" data-id=\"aca59d0\" data-element_type=\"widget\" data-widget_type=\"heading.default\">\n\t\t\t\t<div class=\"elementor-widget-container\">\n\t\t\t\t\t<h2 class=\"elementor-heading-title elementor-size-default\">Asamblea de Asociados<\/h2>\t\t\t\t<\/div>\n\t\t\t\t<\/div>\n\t\t\t\t<\/div>\n\t\t<div class=\"elementor-element elementor-element-22b5a8a e-con-full e-flex e-con e-child\" data-id=\"22b5a8a\" data-element_type=\"container\" data-settings=\"{&quot;jet_parallax_layout_list&quot;:[]}\">\n\t\t\t\t<div class=\"elementor-element elementor-element-a7c4324 elementor-widget elementor-widget-text-editor\" data-id=\"a7c4324\" data-element_type=\"widget\" data-widget_type=\"text-editor.default\">\n\t\t\t\t<div class=\"elementor-widget-container\">\n\t\t\t\t\t\t\t\t\t<ul><li><span style=\"font-weight: 400;\">\u00c1lvarez Quispe, M\u00f3nica Ysella<\/span><\/li><li><span style=\"font-weight: 400;\">Balta Rodr\u00edguez, Rosa Zulema<\/span><\/li><li><span style=\"font-weight: 400;\">Boggio Carrillo, Mar\u00eda Rosa<\/span><\/li><li><span style=\"font-weight: 400;\">Carbajo Ruiz, Jos\u00e9 Luis<\/span><\/li><li><span style=\"font-weight: 400;\">C\u00e9peda Garc\u00eda, Nora del Socorro<\/span><\/li><li><span style=\"font-weight: 400;\">C\u00e9spedes Rossel, N\u00e9lida Elcira<\/span><\/li><li><span style=\"font-weight: 400;\">Ch\u00e1vez Ayala, Jorge<\/span><\/li><li><span style=\"font-weight: 400;\">Cuba Marmanillo, Severo Leonidas<\/span><\/li><li><span style=\"font-weight: 400;\">Del Valle Ramos, Julio C\u00e9sar<\/span><\/li><li><span style=\"font-weight: 400;\">Espino Reluc\u00e9, Rufino Gonzalo<\/span><\/li><li><span style=\"font-weight: 400;\">G\u00e1lvez Alarc\u00f3n, C\u00e9sar<\/span><\/li><li><span style=\"font-weight: 400;\">Gonzalez Astete, Estela<\/span><\/li><li><span style=\"font-weight: 400;\">Gr\u00e1ndez Moreno, Jos\u00e9 Carlos<\/span><\/li><li><span style=\"font-weight: 400;\">Guzm\u00e1n Sota, Ingrid Rosemary<\/span><\/li><li><span style=\"font-weight: 400;\">Helfer Palacios, Gloria Gilda<\/span><\/li><li><span style=\"font-weight: 400;\">Hidalgo Collazos, Liliam Teresa<\/span><\/li><li><span style=\"font-weight: 400;\">Igui\u00f1iz Echeverr\u00eda, Manuel<\/span><\/li><li><span style=\"font-weight: 400;\">Palacios Vallejo, Mar\u00eda Amelia<\/span><\/li><li><span style=\"font-weight: 400;\">Pasco Valladares, Libia Consuelo<\/span><\/li><li><span style=\"font-weight: 400;\">Pinto Cueto, Luisa Renet<\/span><\/li><li><span style=\"font-weight: 400;\">Rojas Vargas, Ana Violeta<\/span><\/li><li><span style=\"font-weight: 400;\">Santisteban Matto, Huber<\/span><\/li><li><span style=\"font-weight: 400;\">Sotomayor Candia, Ernestina<\/span><\/li><li><span style=\"font-weight: 400;\">Ugarte Pareja, Dar\u00edo Abelardo<\/span><\/li><\/ul>\t\t\t\t\t\t\t\t<\/div>\n\t\t\t\t<\/div>\n\t\t\t\t<\/div>\n\t\t\t\t\t<\/div>\n\t\t\t\t<\/div>\n\t\t<div class=\"elementor-element elementor-element-2971453 e-flex e-con-boxed e-con e-parent\" data-id=\"2971453\" data-element_type=\"container\" data-settings=\"{&quot;background_background&quot;:&quot;classic&quot;,&quot;jet_parallax_layout_list&quot;:[]}\">\n\t\t\t\t\t<div class=\"e-con-inner\">\n\t\t\t\t<div class=\"elementor-element elementor-element-74cf362 elementor-cta--skin-cover elementor-animated-content elementor-bg-transform elementor-bg-transform-zoom-in elementor-widget elementor-widget-call-to-action\" data-id=\"74cf362\" data-element_type=\"widget\" data-widget_type=\"call-to-action.default\">\n\t\t\t\t<div class=\"elementor-widget-container\">\n\t\t\t\t\t\t\t<div class=\"elementor-cta\">\n\t\t\t\t\t<div class=\"elementor-cta__bg-wrapper\">\n\t\t\t\t<div class=\"elementor-cta__bg elementor-bg\" style=\"background-image: url();\" role=\"img\" aria-label=\"\"><\/div>\n\t\t\t\t<div class=\"elementor-cta__bg-overlay\"><\/div>\n\t\t\t<\/div>\n\t\t\t\t\t\t\t<div class=\"elementor-cta__content\">\n\t\t\t\t\n\t\t\t\t\t\t\t\t\t<h2 class=\"elementor-cta__title elementor-cta__content-item elementor-content-item elementor-animated-item--grow\">\n\t\t\t\t\t\torganigrama institucional\t\t\t\t\t<\/h2>\n\t\t\t\t\n\t\t\t\t\n\t\t\t\t\t\t\t<\/div>\n\t\t\t\t\t\t<\/div>\n\t\t\t\t\t\t<\/div>\n\t\t\t\t<\/div>\n\t\t\t\t\t<\/div>\n\t\t\t\t<\/div>\n\t\t<div class=\"elementor-element elementor-element-228254b e-flex e-con-boxed e-con e-parent\" data-id=\"228254b\" data-element_type=\"container\" data-settings=\"{&quot;jet_parallax_layout_list&quot;:[]}\">\n\t\t\t\t\t<div class=\"e-con-inner\">\n\t\t<div class=\"elementor-element elementor-element-275b302 e-flex e-con-boxed e-con e-child\" data-id=\"275b302\" data-element_type=\"container\" data-settings=\"{&quot;jet_parallax_layout_list&quot;:[]}\">\n\t\t\t\t\t<div class=\"e-con-inner\">\n\t\t\t\t<div class=\"elementor-element elementor-element-fb7625e elementor-widget elementor-widget-image\" data-id=\"fb7625e\" data-element_type=\"widget\" data-widget_type=\"image.default\">\n\t\t\t\t<div class=\"elementor-widget-container\">\n\t\t\t\t\t\t\t\t\t\t\t\t\t\t\t<img decoding=\"async\" width=\"800\" height=\"566\" src=\"https:\/\/tarea.org.pe\/wp-content\/uploads\/2026\/04\/Organigrama-de-la-institucion-Tarea-2026-1024x724.png\" class=\"attachment-large size-large wp-image-3835\" alt=\"\" srcset=\"https:\/\/tarea.org.pe\/wp-content\/uploads\/2026\/04\/Organigrama-de-la-institucion-Tarea-2026-1024x724.png 1024w, https:\/\/tarea.org.pe\/wp-content\/uploads\/2026\/04\/Organigrama-de-la-institucion-Tarea-2026-300x212.png 300w, https:\/\/tarea.org.pe\/wp-content\/uploads\/2026\/04\/Organigrama-de-la-institucion-Tarea-2026-768x543.png 768w, https:\/\/tarea.org.pe\/wp-content\/uploads\/2026\/04\/Organigrama-de-la-institucion-Tarea-2026.png 1123w\" sizes=\"(max-width: 800px) 100vw, 800px\" \/>\t\t\t\t\t\t\t\t\t\t\t\t\t\t\t<\/div>\n\t\t\t\t<\/div>\n\t\t\t\t\t<\/div>\n\t\t\t\t<\/div>\n\t\t\t\t\t<\/div>\n\t\t\t\t<\/div>\n\t\t<div class=\"elementor-element elementor-element-a9200cd e-flex e-con-boxed e-con e-parent\" data-id=\"a9200cd\" data-element_type=\"container\" data-settings=\"{&quot;jet_parallax_layout_list&quot;:[]}\">\n\t\t\t\t\t<div class=\"e-con-inner\">\n\t\t<div class=\"elementor-element elementor-element-ecb8789 e-con-full e-flex e-con e-child\" data-id=\"ecb8789\" data-element_type=\"container\" data-settings=\"{&quot;jet_parallax_layout_list&quot;:[]}\">\n\t\t\t\t<div class=\"elementor-element elementor-element-d022a9f elementor-widget elementor-widget-heading\" data-id=\"d022a9f\" data-element_type=\"widget\" data-widget_type=\"heading.default\">\n\t\t\t\t<div class=\"elementor-widget-container\">\n\t\t\t\t\t<h2 class=\"elementor-heading-title elementor-size-default\">CONSEJO DIRECTIVO<\/h2>\t\t\t\t<\/div>\n\t\t\t\t<\/div>\n\t\t\t\t<div class=\"elementor-element elementor-element-ec3a7b0 elementor-widget__width-initial elementor-widget elementor-widget-text-editor\" data-id=\"ec3a7b0\" data-element_type=\"widget\" data-widget_type=\"text-editor.default\">\n\t\t\t\t<div class=\"elementor-widget-container\">\n\t\t\t\t\t\t\t\t\t<ul style=\"text-align: left;\"><li><p><strong>Presidenta:<\/strong> Hidalgo Collazos, Liliam Teresa<\/p><\/li><li><p><strong>Vicepresidente:<\/strong> Carbajo Ruiz, Jos\u00e9 Luis<\/p><\/li><li><p><strong>Vocal:<\/strong> Palacios Vallejo, Mar\u00eda Amelia<\/p><\/li><\/ul>\t\t\t\t\t\t\t\t<\/div>\n\t\t\t\t<\/div>\n\t\t\t\t<\/div>\n\t\t<div class=\"elementor-element elementor-element-8feca44 e-con-full e-flex e-con e-child\" data-id=\"8feca44\" data-element_type=\"container\" data-settings=\"{&quot;jet_parallax_layout_list&quot;:[]}\">\n\t\t\t\t<div class=\"elementor-element elementor-element-335ac0f elementor-widget elementor-widget-heading\" data-id=\"335ac0f\" data-element_type=\"widget\" data-widget_type=\"heading.default\">\n\t\t\t\t<div class=\"elementor-widget-container\">\n\t\t\t\t\t<h2 class=\"elementor-heading-title elementor-size-default\">DIRECCION EJECUTIVA<\/h2>\t\t\t\t<\/div>\n\t\t\t\t<\/div>\n\t\t\t\t<div class=\"elementor-element elementor-element-c628489 elementor-widget__width-initial elementor-widget elementor-widget-text-editor\" data-id=\"c628489\" data-element_type=\"widget\" data-widget_type=\"text-editor.default\">\n\t\t\t\t<div class=\"elementor-widget-container\">\n\t\t\t\t\t\t\t\t\t<ul style=\"text-align: left;\"><li><p>Del Valle Ramos, Julio C\u00e9sar<\/p><\/li><\/ul>\t\t\t\t\t\t\t\t<\/div>\n\t\t\t\t<\/div>\n\t\t\t\t<\/div>\n\t\t\t\t\t<\/div>\n\t\t\t\t<\/div>\n\t\t\t\t<\/div>\n\t\t","protected":false},"excerpt":{"rendered":"<p>Asamblea de Asociados \u00c1lvarez Quispe, M\u00f3nica Ysella Balta Rodr\u00edguez, Rosa Zulema Boggio Carrillo, Mar\u00eda Rosa Carbajo Ruiz, Jos\u00e9 Luis C\u00e9peda Garc\u00eda, Nora del Socorro C\u00e9spedes Rossel, N\u00e9lida Elcira Ch\u00e1vez Ayala, Jorge Cuba Marmanillo, Severo Leonidas Del Valle Ramos, Julio C\u00e9sar Espino Reluc\u00e9, Rufino Gonzalo G\u00e1lvez Alarc\u00f3n, C\u00e9sar Gonzalez Astete, Estela Gr\u00e1ndez Moreno, Jos\u00e9 Carlos Guzm\u00e1n [&hellip;]<\/p>\n","protected":false},"author":1,"featured_media":0,"parent":0,"menu_order":0,"comment_status":"closed","ping_status":"closed","template":"","meta":{"footnotes":""},"class_list":["post-39","page","type-page","status-publish","hentry"],"_links":{"self":[{"href":"https:\/\/tarea.org.pe\/index.php\/wp-json\/wp\/v2\/pages\/39","targetHints":{"allow":["GET"]}}],"collection":[{"href":"https:\/\/tarea.org.pe\/index.php\/wp-json\/wp\/v2\/pages"}],"about":[{"href":"https:\/\/tarea.org.pe\/index.php\/wp-json\/wp\/v2\/types\/page"}],"author":[{"embeddable":true,"href":"https:\/\/tarea.org.pe\/index.php\/wp-json\/wp\/v2\/users\/1"}],"replies":[{"embeddable":true,"href":"https:\/\/tarea.org.pe\/index.php\/wp-json\/wp\/v2\/comments?post=39"}],"version-history":[{"count":58,"href":"https:\/\/tarea.org.pe\/index.php\/wp-json\/wp\/v2\/pages\/39\/revisions"}],"predecessor-version":[{"id":3838,"href":"https:\/\/tarea.org.pe\/index.php\/wp-json\/wp\/v2\/pages\/39\/revisions\/3838"}],"wp:attachment":[{"href":"https:\/\/tarea.org.pe\/index.php\/wp-json\/wp\/v2\/media?parent=39"}],"curies":[{"name":"wp","href":"https:\/\/api.w.org\/{rel}","templated":true}]}}