{"id":33,"date":"2024-10-12T15:59:59","date_gmt":"2024-10-12T15:59:59","guid":{"rendered":"https:\/\/tarea.plhradio.com\/?page_id=33"},"modified":"2025-06-23T18:54:05","modified_gmt":"2025-06-23T18:54:05","slug":"quienes-somos","status":"publish","type":"page","link":"https:\/\/tarea.org.pe\/index.php\/quienes-somos\/","title":{"rendered":"QUIENES SOMOS"},"content":{"rendered":"\t\t<div data-elementor-type=\"wp-page\" data-elementor-id=\"33\" class=\"elementor elementor-33\" data-elementor-post-type=\"page\">\n\t\t\t\t<div class=\"elementor-element elementor-element-d348958 e-con-full e-flex e-con e-parent\" data-id=\"d348958\" data-element_type=\"container\" data-settings=\"{&quot;background_background&quot;:&quot;classic&quot;,&quot;shape_divider_bottom&quot;:&quot;mountains&quot;,&quot;jet_parallax_layout_list&quot;:[]}\">\n\t\t\t\t<div class=\"elementor-shape elementor-shape-bottom\" aria-hidden=\"true\" data-negative=\"false\">\n\t\t\t<svg xmlns=\"http:\/\/www.w3.org\/2000\/svg\" viewBox=\"0 0 1000 100\" preserveAspectRatio=\"none\">\n\t<path class=\"elementor-shape-fill\" opacity=\"0.33\" d=\"M473,67.3c-203.9,88.3-263.1-34-320.3,0C66,119.1,0,59.7,0,59.7V0h1000v59.7 c0,0-62.1,26.1-94.9,29.3c-32.8,3.3-62.8-12.3-75.8-22.1C806,49.6,745.3,8.7,694.9,4.7S492.4,59,473,67.3z\"\/>\n\t<path class=\"elementor-shape-fill\" opacity=\"0.66\" d=\"M734,67.3c-45.5,0-77.2-23.2-129.1-39.1c-28.6-8.7-150.3-10.1-254,39.1 s-91.7-34.4-149.2,0C115.7,118.3,0,39.8,0,39.8V0h1000v36.5c0,0-28.2-18.5-92.1-18.5C810.2,18.1,775.7,67.3,734,67.3z\"\/>\n\t<path class=\"elementor-shape-fill\" d=\"M766.1,28.9c-200-57.5-266,65.5-395.1,19.5C242,1.8,242,5.4,184.8,20.6C128,35.8,132.3,44.9,89.9,52.5C28.6,63.7,0,0,0,0 h1000c0,0-9.9,40.9-83.6,48.1S829.6,47,766.1,28.9z\"\/>\n<\/svg>\t\t<\/div>\n\t\t<div class=\"elementor-element elementor-element-4e64619 e-con-full animated-slow e-flex elementor-invisible e-con e-child\" data-id=\"4e64619\" data-element_type=\"container\" data-settings=\"{&quot;animation&quot;:&quot;slideInLeft&quot;,&quot;background_background&quot;:&quot;classic&quot;,&quot;jet_parallax_layout_list&quot;:[]}\">\n\t\t\t\t<\/div>\n\t\t\t\t<\/div>\n\t\t<div class=\"elementor-element elementor-element-67ff847 e-flex e-con-boxed e-con e-parent\" data-id=\"67ff847\" data-element_type=\"container\" data-settings=\"{&quot;jet_parallax_layout_list&quot;:[]}\">\n\t\t\t\t\t<div class=\"e-con-inner\">\n\t\t<div class=\"elementor-element elementor-element-4fba995 e-con-full e-flex e-con e-child\" data-id=\"4fba995\" data-element_type=\"container\" data-settings=\"{&quot;jet_parallax_layout_list&quot;:[]}\">\n\t\t\t\t<div class=\"elementor-element elementor-element-ebda7ce elementor-widget__width-initial elementor-widget elementor-widget-heading\" data-id=\"ebda7ce\" data-element_type=\"widget\" data-widget_type=\"heading.default\">\n\t\t\t\t<div class=\"elementor-widget-container\">\n\t\t\t\t\t<h2 class=\"elementor-heading-title elementor-size-default\">TAREA ASOCIACI\u00d3N DE PUBLICACIONES EDUCATIVAS<\/h2>\t\t\t\t<\/div>\n\t\t\t\t<\/div>\n\t\t\t\t<div class=\"elementor-element elementor-element-f50e739 elementor-widget__width-initial e-n-tabs-mobile elementor-widget elementor-widget-n-tabs\" data-id=\"f50e739\" data-element_type=\"widget\" data-settings=\"{&quot;tabs_justify_horizontal&quot;:&quot;stretch&quot;,&quot;horizontal_scroll&quot;:&quot;disable&quot;}\" data-widget_type=\"nested-tabs.default\">\n\t\t\t\t<div class=\"elementor-widget-container\">\n\t\t\t\t\t\t\t<div class=\"e-n-tabs\" data-widget-number=\"256960313\" aria-label=\"Pesta\u00f1as. Abre elementos con Intro o Espacio, ci\u00e9rralos con Escape y navega con las fechas.\">\n\t\t\t<div class=\"e-n-tabs-heading\" role=\"tablist\">\n\t\t\t\t\t<button id=\"e-n-tab-title-2569603131\" class=\"e-n-tab-title\" aria-selected=\"true\" data-tab-index=\"1\" role=\"tab\" tabindex=\"0\" aria-controls=\"e-n-tab-content-2569603131\" style=\"--n-tabs-title-order: 1;\">\n\t\t\t\t\t\t<span class=\"e-n-tab-title-text\">\n\t\t\t\tEspa\u00f1ol\t\t\t<\/span>\n\t\t<\/button>\n\t\t\t\t<button id=\"e-n-tab-title-2569603132\" class=\"e-n-tab-title\" aria-selected=\"false\" data-tab-index=\"2\" role=\"tab\" tabindex=\"-1\" aria-controls=\"e-n-tab-content-2569603132\" style=\"--n-tabs-title-order: 2;\">\n\t\t\t\t\t\t<span class=\"e-n-tab-title-text\">\n\t\t\t\tEnglish\t\t\t<\/span>\n\t\t<\/button>\n\t\t\t\t\t<\/div>\n\t\t\t<div class=\"e-n-tabs-content\">\n\t\t\t\t<div id=\"e-n-tab-content-2569603131\" role=\"tabpanel\" aria-labelledby=\"e-n-tab-title-2569603131\" data-tab-index=\"1\" style=\"--n-tabs-title-order: 1;\" class=\"e-active elementor-element elementor-element-4c2775e e-con-full e-flex e-con e-child\" data-id=\"4c2775e\" data-element_type=\"container\" data-settings=\"{&quot;jet_parallax_layout_list&quot;:[]}\">\n\t\t\t\t<div class=\"elementor-element elementor-element-4dc20b6 elementor-widget elementor-widget-text-editor\" data-id=\"4dc20b6\" data-element_type=\"widget\" data-widget_type=\"text-editor.default\">\n\t\t\t\t<div class=\"elementor-widget-container\">\n\t\t\t\t\t\t\t\t\t<p><strong>TAREA ASOCIACI\u00d3N DE PUBLICACIONES EDUCATIVAS<\/strong>\u00a0es una asociaci\u00f3n civil sin fines de lucro fundada en enero de 1974 por siete j\u00f3venes profesionales interesadas\/os en promover la educaci\u00f3n de todas las personas, en especial de la poblaci\u00f3n m\u00e1s vulnerable.<\/p><p>El lema que caracteriza nuestra actuaci\u00f3n es \u201cPor el derecho a una educaci\u00f3n liberadora\u201d.<\/p><p>En la actualidad, Tarea tiene 25 personas asociadas, de las cuales cinco laboran en la instituci\u00f3n, adem\u00e1s, de 30 personas contratadas (15 en Ayacucho, 2 en Cusco, 1 en Loreto, 1 Villa El Salvador, 11 en la sede central).<\/p>\t\t\t\t\t\t\t\t<\/div>\n\t\t\t\t<\/div>\n\t\t\t\t<div class=\"elementor-element elementor-element-ba12ded elementor-widget elementor-widget-heading\" data-id=\"ba12ded\" data-element_type=\"widget\" data-widget_type=\"heading.default\">\n\t\t\t\t<div class=\"elementor-widget-container\">\n\t\t\t\t\t<h2 class=\"elementor-heading-title elementor-size-default\">misi\u00f3n<\/h2>\t\t\t\t<\/div>\n\t\t\t\t<\/div>\n\t\t\t\t<div class=\"elementor-element elementor-element-39deb25 elementor-widget elementor-widget-text-editor\" data-id=\"39deb25\" data-element_type=\"widget\" data-widget_type=\"text-editor.default\">\n\t\t\t\t<div class=\"elementor-widget-container\">\n\t\t\t\t\t\t\t\t\t<p>Empoderar actores socioeducativos de comunidades rurales andinas y amaz\u00f3nicas, para que participen en la producci\u00f3n de propuestas educativas, pedag\u00f3gicas y pol\u00edticas, que contribuyan a la transformaci\u00f3n educativa intercultural con igualdad de g\u00e9nero en la perspectiva del desarrollo humano, y les permitir\u00e1n salir de la pobreza.<\/p>\t\t\t\t\t\t\t\t<\/div>\n\t\t\t\t<\/div>\n\t\t\t\t<div class=\"elementor-element elementor-element-33680e1 elementor-widget elementor-widget-heading\" data-id=\"33680e1\" data-element_type=\"widget\" data-widget_type=\"heading.default\">\n\t\t\t\t<div class=\"elementor-widget-container\">\n\t\t\t\t\t<h2 class=\"elementor-heading-title elementor-size-default\">visi\u00f3n<\/h2>\t\t\t\t<\/div>\n\t\t\t\t<\/div>\n\t\t\t\t<div class=\"elementor-element elementor-element-2d2bdce elementor-widget elementor-widget-text-editor\" data-id=\"2d2bdce\" data-element_type=\"widget\" data-widget_type=\"text-editor.default\">\n\t\t\t\t<div class=\"elementor-widget-container\">\n\t\t\t\t\t\t\t\t\t<p>Una comunidad de aprendizaje y pensamiento cr\u00edtico, que asume el compromiso de promover que las personas se empoderen y participen como sujetos protag\u00f3nicos<\/p>\t\t\t\t\t\t\t\t<\/div>\n\t\t\t\t<\/div>\n\t\t\t\t<\/div>\n\t\t<div id=\"e-n-tab-content-2569603132\" role=\"tabpanel\" aria-labelledby=\"e-n-tab-title-2569603132\" data-tab-index=\"2\" style=\"--n-tabs-title-order: 2;\" class=\" elementor-element elementor-element-4c1d7a5 e-con-full e-flex e-con e-child\" data-id=\"4c1d7a5\" data-element_type=\"container\" data-settings=\"{&quot;jet_parallax_layout_list&quot;:[]}\">\n\t\t\t\t<div class=\"elementor-element elementor-element-d720631 elementor-widget elementor-widget-text-editor\" data-id=\"d720631\" data-element_type=\"widget\" data-widget_type=\"text-editor.default\">\n\t\t\t\t<div class=\"elementor-widget-container\">\n\t\t\t\t\t\t\t\t\t<p>TAREA EDUCATIONAL PUBLICATIONS ASSOCIATION is a non-profit civil association founded in January 1974 by seven young professionals interested in promoting education for all people, especially the most vulnerable.<\/p><p>The motto that characterizes our work is \u00abFor the right to a liberating education.\u00bb<\/p><p>Currently, Tarea has 25 members, five of whom work at the institution, in addition to 30 employees (15 in Ayacucho, two in Cusco, one in Loreto, one in Villa El Salvador, and 11 at the headquarters).<\/p>\t\t\t\t\t\t\t\t<\/div>\n\t\t\t\t<\/div>\n\t\t\t\t<div class=\"elementor-element elementor-element-74cddf9 elementor-widget elementor-widget-heading\" data-id=\"74cddf9\" data-element_type=\"widget\" data-widget_type=\"heading.default\">\n\t\t\t\t<div class=\"elementor-widget-container\">\n\t\t\t\t\t<h2 class=\"elementor-heading-title elementor-size-default\">mision<\/h2>\t\t\t\t<\/div>\n\t\t\t\t<\/div>\n\t\t\t\t<div class=\"elementor-element elementor-element-eed01c9 elementor-widget elementor-widget-text-editor\" data-id=\"eed01c9\" data-element_type=\"widget\" data-widget_type=\"text-editor.default\">\n\t\t\t\t<div class=\"elementor-widget-container\">\n\t\t\t\t\t\t\t\t\t<p>Empower socio-educational stakeholders in rural Andean and Amazonian communities to participate in the development of educational, pedagogical, and policy proposals that contribute to intercultural educational transformation with gender equality from a human development perspective, and will enable them to escape poverty.<\/p>\t\t\t\t\t\t\t\t<\/div>\n\t\t\t\t<\/div>\n\t\t\t\t<div class=\"elementor-element elementor-element-f5fe6a2 elementor-widget elementor-widget-heading\" data-id=\"f5fe6a2\" data-element_type=\"widget\" data-widget_type=\"heading.default\">\n\t\t\t\t<div class=\"elementor-widget-container\">\n\t\t\t\t\t<h2 class=\"elementor-heading-title elementor-size-default\">vision<\/h2>\t\t\t\t<\/div>\n\t\t\t\t<\/div>\n\t\t\t\t<div class=\"elementor-element elementor-element-6e709eb elementor-widget elementor-widget-text-editor\" data-id=\"6e709eb\" data-element_type=\"widget\" data-widget_type=\"text-editor.default\">\n\t\t\t\t<div class=\"elementor-widget-container\">\n\t\t\t\t\t\t\t\t\t<p>A community of learning and critical thinking, committed to empowering people and enabling them to participate as protagonists.<\/p>\t\t\t\t\t\t\t\t<\/div>\n\t\t\t\t<\/div>\n\t\t\t\t<\/div>\n\t\t\t\t\t<\/div>\n\t\t<\/div>\n\t\t\t\t\t\t<\/div>\n\t\t\t\t<\/div>\n\t\t\t\t<\/div>\n\t\t<div class=\"elementor-element elementor-element-f83a790 e-con-full e-flex e-con e-child\" data-id=\"f83a790\" data-element_type=\"container\" data-settings=\"{&quot;jet_parallax_layout_list&quot;:[]}\">\n\t\t\t\t<div class=\"elementor-element elementor-element-27c918d elementor-widget__width-initial elementor-widget elementor-widget-image\" data-id=\"27c918d\" data-element_type=\"widget\" data-widget_type=\"image.default\">\n\t\t\t\t<div class=\"elementor-widget-container\">\n\t\t\t\t\t\t\t\t\t\t\t\t\t\t\t<img fetchpriority=\"high\" decoding=\"async\" width=\"1360\" height=\"2048\" src=\"https:\/\/tarea.org.pe\/wp-content\/uploads\/2025\/05\/FOTO1-Nuestro-Trabajo1.jpg\" class=\"attachment-2048x2048 size-2048x2048 wp-image-2266\" alt=\"\" srcset=\"https:\/\/tarea.org.pe\/wp-content\/uploads\/2025\/05\/FOTO1-Nuestro-Trabajo1.jpg 1360w, https:\/\/tarea.org.pe\/wp-content\/uploads\/2025\/05\/FOTO1-Nuestro-Trabajo1-199x300.jpg 199w, https:\/\/tarea.org.pe\/wp-content\/uploads\/2025\/05\/FOTO1-Nuestro-Trabajo1-680x1024.jpg 680w, https:\/\/tarea.org.pe\/wp-content\/uploads\/2025\/05\/FOTO1-Nuestro-Trabajo1-768x1157.jpg 768w, https:\/\/tarea.org.pe\/wp-content\/uploads\/2025\/05\/FOTO1-Nuestro-Trabajo1-1020x1536.jpg 1020w\" sizes=\"(max-width: 1360px) 100vw, 1360px\" \/>\t\t\t\t\t\t\t\t\t\t\t\t\t\t\t<\/div>\n\t\t\t\t<\/div>\n\t\t\t\t<\/div>\n\t\t\t\t\t<\/div>\n\t\t\t\t<\/div>\n\t\t<div class=\"elementor-element elementor-element-58cde0a e-flex e-con-boxed e-con e-parent\" data-id=\"58cde0a\" data-element_type=\"container\" data-settings=\"{&quot;jet_parallax_layout_list&quot;:[]}\">\n\t\t\t\t\t<div class=\"e-con-inner\">\n\t\t\t\t<div class=\"elementor-element elementor-element-729be89 elementor-widget__width-initial elementor-widget elementor-widget-heading\" data-id=\"729be89\" data-element_type=\"widget\" data-widget_type=\"heading.default\">\n\t\t\t\t<div class=\"elementor-widget-container\">\n\t\t\t\t\t<h2 class=\"elementor-heading-title elementor-size-default\">Principios de actuaci\u00f3n<\/h2>\t\t\t\t<\/div>\n\t\t\t\t<\/div>\n\t\t\t\t\t<\/div>\n\t\t\t\t<\/div>\n\t\t<div class=\"elementor-element elementor-element-41c5732 e-flex e-con-boxed e-con e-parent\" data-id=\"41c5732\" data-element_type=\"container\" data-settings=\"{&quot;jet_parallax_layout_list&quot;:[]}\">\n\t\t\t\t\t<div class=\"e-con-inner\">\n\t\t<div class=\"elementor-element elementor-element-380de56 e-con-full e-flex e-con e-child\" data-id=\"380de56\" data-element_type=\"container\" data-settings=\"{&quot;jet_parallax_layout_list&quot;:[]}\">\n\t\t\t\t<div class=\"elementor-element elementor-element-537bef8 elementor-widget elementor-widget-text-editor\" data-id=\"537bef8\" data-element_type=\"widget\" data-widget_type=\"text-editor.default\">\n\t\t\t\t<div class=\"elementor-widget-container\">\n\t\t\t\t\t\t\t\t\t<ul><li><strong>TAREA se adhiere a la Declaraci\u00f3n Universal de Derechos Humanos<\/strong>, la Convenci\u00f3n sobre los Derechos del Ni\u00f1o, la Agenda 2030 sobre el Desarrollo Sostenible y sus 17 Objetivos de Desarrollo Sostenible.<\/li><\/ul><p>\u00a0<\/p><ul><li><strong>TAREA asume como propia la Declaraci\u00f3n de las Naciones Unidas sobre los derechos de los pueblos ind\u00edgenas<\/strong>, que en su art\u00edculo 2 se\u00f1ala \u201cLos pueblos y los individuos ind\u00edgenas son libres e iguales a todos los dem\u00e1s pueblos y personas y tienen derecho a no ser objeto de ning\u00fan tipo de discriminaci\u00f3n en el ejercicio de sus derechos, en particular la fundada en su origen o identidad ind\u00edgenas\u201d.<\/li><\/ul><p>\u00a0<\/p><ul><li><strong>TAREA apuesta por construir una sociedad en la que a mujeres y hombres se les reconozcan iguales derechos<\/strong> \u2014lo que implica modificar los modelos dominantes de feminidad y de masculinidad\u2014, y supone profundos cambios en nuestras formas de percibir la realidad y en nuestra forma de actuar, porque vivimos en una sociedad que se empe\u00f1a en modelar conductas y pensamientos dentro de estereotipos tradicionales, mandatos sexistas y roles convencionales.<\/li><\/ul><p>\u00a0<\/p><ul><li><strong>TAREA se identifica con el Proyecto Educativo Nacional al 2036:<\/strong> El reto de la ciudadan\u00eda plena, por lo que en su actuaci\u00f3n se une a todas las personas e instituciones que buscan que nuestro pa\u00eds alcance las metas que ah\u00ed se se\u00f1alan.<\/li><\/ul>\t\t\t\t\t\t\t\t<\/div>\n\t\t\t\t<\/div>\n\t\t\t\t<\/div>\n\t\t<div class=\"elementor-element elementor-element-08028e7 e-con-full e-flex e-con e-child\" data-id=\"08028e7\" data-element_type=\"container\" data-settings=\"{&quot;jet_parallax_layout_list&quot;:[]}\">\n\t\t\t\t<div class=\"elementor-element elementor-element-9818f3c elementor-widget elementor-widget-image\" data-id=\"9818f3c\" data-element_type=\"widget\" data-widget_type=\"image.default\">\n\t\t\t\t<div class=\"elementor-widget-container\">\n\t\t\t\t\t\t\t\t\t\t\t\t\t\t\t<img decoding=\"async\" width=\"800\" height=\"534\" src=\"https:\/\/tarea.org.pe\/wp-content\/uploads\/2025\/04\/FOTO3-Nuestro-Trabajo-1024x683.jpg\" class=\"attachment-large size-large wp-image-2087\" alt=\"\" srcset=\"https:\/\/tarea.org.pe\/wp-content\/uploads\/2025\/04\/FOTO3-Nuestro-Trabajo-1024x683.jpg 1024w, https:\/\/tarea.org.pe\/wp-content\/uploads\/2025\/04\/FOTO3-Nuestro-Trabajo-300x200.jpg 300w, https:\/\/tarea.org.pe\/wp-content\/uploads\/2025\/04\/FOTO3-Nuestro-Trabajo-768x512.jpg 768w, https:\/\/tarea.org.pe\/wp-content\/uploads\/2025\/04\/FOTO3-Nuestro-Trabajo-1536x1024.jpg 1536w, https:\/\/tarea.org.pe\/wp-content\/uploads\/2025\/04\/FOTO3-Nuestro-Trabajo-2048x1365.jpg 2048w\" sizes=\"(max-width: 800px) 100vw, 800px\" \/>\t\t\t\t\t\t\t\t\t\t\t\t\t\t\t<\/div>\n\t\t\t\t<\/div>\n\t\t\t\t<\/div>\n\t\t\t\t\t<\/div>\n\t\t\t\t<\/div>\n\t\t\t\t<\/div>\n\t\t","protected":false},"excerpt":{"rendered":"<p>TAREA ASOCIACI\u00d3N DE PUBLICACIONES EDUCATIVAS Espa\u00f1ol English TAREA ASOCIACI\u00d3N DE PUBLICACIONES EDUCATIVAS\u00a0es una asociaci\u00f3n civil sin fines de lucro fundada en enero de 1974 por siete j\u00f3venes profesionales interesadas\/os en promover la educaci\u00f3n de todas las personas, en especial de la poblaci\u00f3n m\u00e1s vulnerable. El lema que caracteriza nuestra actuaci\u00f3n es \u201cPor el derecho a [&hellip;]<\/p>\n","protected":false},"author":1,"featured_media":0,"parent":0,"menu_order":0,"comment_status":"closed","ping_status":"closed","template":"","meta":{"footnotes":""},"class_list":["post-33","page","type-page","status-publish","hentry"],"_links":{"self":[{"href":"https:\/\/tarea.org.pe\/index.php\/wp-json\/wp\/v2\/pages\/33","targetHints":{"allow":["GET"]}}],"collection":[{"href":"https:\/\/tarea.org.pe\/index.php\/wp-json\/wp\/v2\/pages"}],"about":[{"href":"https:\/\/tarea.org.pe\/index.php\/wp-json\/wp\/v2\/types\/page"}],"author":[{"embeddable":true,"href":"https:\/\/tarea.org.pe\/index.php\/wp-json\/wp\/v2\/users\/1"}],"replies":[{"embeddable":true,"href":"https:\/\/tarea.org.pe\/index.php\/wp-json\/wp\/v2\/comments?post=33"}],"version-history":[{"count":73,"href":"https:\/\/tarea.org.pe\/index.php\/wp-json\/wp\/v2\/pages\/33\/revisions"}],"predecessor-version":[{"id":3104,"href":"https:\/\/tarea.org.pe\/index.php\/wp-json\/wp\/v2\/pages\/33\/revisions\/3104"}],"wp:attachment":[{"href":"https:\/\/tarea.org.pe\/index.php\/wp-json\/wp\/v2\/media?parent=33"}],"curies":[{"name":"wp","href":"https:\/\/api.w.org\/{rel}","templated":true}]}}